{"id":795,"date":"2024-01-05T17:28:18","date_gmt":"2024-01-05T16:28:18","guid":{"rendered":"https:\/\/jobsdev.saller-bau.com\/?page_id=795"},"modified":"2025-06-05T09:23:23","modified_gmt":"2025-06-05T07:23:23","slug":"wakaty","status":"publish","type":"page","link":"https:\/\/jobs.saller-bau.com\/pl\/wakaty\/","title":{"rendered":"Wakaty"},"content":{"rendered":"\t\t<div data-elementor-type=\"wp-page\" data-elementor-id=\"795\" class=\"elementor elementor-795 elementor-679\" data-elementor-post-type=\"page\">\n\t\t\t\t<div class=\"elementor-element elementor-element-31926d8 e-flex e-con-boxed e-con e-parent\" data-id=\"31926d8\" data-element_type=\"container\" data-e-type=\"container\">\n\t\t\t\t\t<div class=\"e-con-inner\">\n\t\t\t\t<div class=\"elementor-element elementor-element-52122e3 elementor-widget elementor-widget-text-editor\" data-id=\"52122e3\" data-element_type=\"widget\" data-e-type=\"widget\" data-widget_type=\"text-editor.default\">\n\t\t\t\t<div class=\"elementor-widget-container\">\n\t\t\t\t\t\t\t\t\t<h5 class=\"text-center\">Z rado\u015bci\u0105 przyjmiemy Twoj\u0105 <a style=\"font-size: 1.25rem;\" href=\"\/pl\/zastosowanie\/\"><strong>indywidualn\u0105 aplikacj\u0119<\/strong><\/a><\/h5>\t\t\t\t\t\t\t\t<\/div>\n\t\t\t\t<\/div>\n\t\t\t\t\t<\/div>\n\t\t\t\t<\/div>\n\t\t\t\t<\/div>\n\t\t","protected":false},"excerpt":{"rendered":"Z rado\u015bci\u0105 przyjmiemy Twoj\u0105 indywidualn\u0105 aplikacj\u0119 [&#8230;]<p><a class=\"btn btn-secondary understrap-read-more-link\" href=\"https:\/\/jobs.saller-bau.com\/pl\/wakaty\/\">Czytaj dalej\u2026<span class=\"screen-reader-text\"> from Wakaty<\/span><\/a><\/p>","protected":false},"author":1,"featured_media":0,"parent":0,"menu_order":0,"comment_status":"closed","ping_status":"closed","template":"","meta":{"_acf_changed":false,"inline_featured_image":false,"pgc_sgb_lightbox_settings":"","footnotes":""},"class_list":["post-795","page","type-page","status-publish","hentry"],"acf":[],"featured_image_src":null,"yoast_head":"<!-- This site is optimized with the Yoast SEO plugin v27.4 - https:\/\/yoast.com\/product\/yoast-seo-wordpress\/ -->\n<title>Wakaty - Saller<\/title>\n<meta name=\"robots\" content=\"index, follow, max-snippet:-1, max-image-preview:large, max-video-preview:-1\" \/>\n<link rel=\"canonical\" href=\"https:\/\/jobs.saller-bau.com\/pl\/wakaty\/\" \/>\n<meta property=\"og:locale\" content=\"pl_PL\" \/>\n<meta property=\"og:type\" content=\"article\" \/>\n<meta property=\"og:title\" content=\"Wakaty - Saller\" \/>\n<meta property=\"og:description\" content=\"Z rado\u015bci\u0105 przyjmiemy Twoj\u0105 indywidualn\u0105 aplikacj\u0119 [...]Czytaj dalej\u2026 from Wakaty\" \/>\n<meta property=\"og:url\" content=\"https:\/\/jobs.saller-bau.com\/pl\/wakaty\/\" \/>\n<meta property=\"og:site_name\" content=\"Saller\" \/>\n<meta property=\"article:modified_time\" content=\"2025-06-05T07:23:23+00:00\" \/>\n<meta name=\"twitter:card\" content=\"summary_large_image\" \/>\n<meta name=\"twitter:label1\" content=\"Szacowany czas czytania\" \/>\n\t<meta name=\"twitter:data1\" content=\"1 minuta\" \/>\n<script type=\"application\/ld+json\" class=\"yoast-schema-graph\">{\"@context\":\"https:\\\/\\\/schema.org\",\"@graph\":[{\"@type\":\"WebPage\",\"@id\":\"https:\\\/\\\/jobs.saller-bau.com\\\/pl\\\/wakaty\\\/\",\"url\":\"https:\\\/\\\/jobs.saller-bau.com\\\/pl\\\/wakaty\\\/\",\"name\":\"Wakaty - Saller\",\"isPartOf\":{\"@id\":\"https:\\\/\\\/jobs.saller-bau.com\\\/pl\\\/#website\"},\"datePublished\":\"2024-01-05T16:28:18+00:00\",\"dateModified\":\"2025-06-05T07:23:23+00:00\",\"breadcrumb\":{\"@id\":\"https:\\\/\\\/jobs.saller-bau.com\\\/pl\\\/wakaty\\\/#breadcrumb\"},\"inLanguage\":\"pl-PL\",\"potentialAction\":[{\"@type\":\"ReadAction\",\"target\":[\"https:\\\/\\\/jobs.saller-bau.com\\\/pl\\\/wakaty\\\/\"]}]},{\"@type\":\"BreadcrumbList\",\"@id\":\"https:\\\/\\\/jobs.saller-bau.com\\\/pl\\\/wakaty\\\/#breadcrumb\",\"itemListElement\":[{\"@type\":\"ListItem\",\"position\":1,\"name\":\"Startseite\",\"item\":\"https:\\\/\\\/jobs.saller-bau.com\\\/pl\\\/\"},{\"@type\":\"ListItem\",\"position\":2,\"name\":\"Wakaty\"}]},{\"@type\":\"WebSite\",\"@id\":\"https:\\\/\\\/jobs.saller-bau.com\\\/pl\\\/#website\",\"url\":\"https:\\\/\\\/jobs.saller-bau.com\\\/pl\\\/\",\"name\":\"Saller\",\"description\":\"\",\"potentialAction\":[{\"@type\":\"SearchAction\",\"target\":{\"@type\":\"EntryPoint\",\"urlTemplate\":\"https:\\\/\\\/jobs.saller-bau.com\\\/pl\\\/?s={search_term_string}\"},\"query-input\":{\"@type\":\"PropertyValueSpecification\",\"valueRequired\":true,\"valueName\":\"search_term_string\"}}],\"inLanguage\":\"pl-PL\"}]}<\/script>\n<!-- \/ Yoast SEO plugin. -->","yoast_head_json":{"title":"Wakaty - Saller","robots":{"index":"index","follow":"follow","max-snippet":"max-snippet:-1","max-image-preview":"max-image-preview:large","max-video-preview":"max-video-preview:-1"},"canonical":"https:\/\/jobs.saller-bau.com\/pl\/wakaty\/","og_locale":"pl_PL","og_type":"article","og_title":"Wakaty - Saller","og_description":"Z rado\u015bci\u0105 przyjmiemy Twoj\u0105 indywidualn\u0105 aplikacj\u0119 [...]Czytaj dalej\u2026 from Wakaty","og_url":"https:\/\/jobs.saller-bau.com\/pl\/wakaty\/","og_site_name":"Saller","article_modified_time":"2025-06-05T07:23:23+00:00","twitter_card":"summary_large_image","twitter_misc":{"Szacowany czas czytania":"1 minuta"},"schema":{"@context":"https:\/\/schema.org","@graph":[{"@type":"WebPage","@id":"https:\/\/jobs.saller-bau.com\/pl\/wakaty\/","url":"https:\/\/jobs.saller-bau.com\/pl\/wakaty\/","name":"Wakaty - Saller","isPartOf":{"@id":"https:\/\/jobs.saller-bau.com\/pl\/#website"},"datePublished":"2024-01-05T16:28:18+00:00","dateModified":"2025-06-05T07:23:23+00:00","breadcrumb":{"@id":"https:\/\/jobs.saller-bau.com\/pl\/wakaty\/#breadcrumb"},"inLanguage":"pl-PL","potentialAction":[{"@type":"ReadAction","target":["https:\/\/jobs.saller-bau.com\/pl\/wakaty\/"]}]},{"@type":"BreadcrumbList","@id":"https:\/\/jobs.saller-bau.com\/pl\/wakaty\/#breadcrumb","itemListElement":[{"@type":"ListItem","position":1,"name":"Startseite","item":"https:\/\/jobs.saller-bau.com\/pl\/"},{"@type":"ListItem","position":2,"name":"Wakaty"}]},{"@type":"WebSite","@id":"https:\/\/jobs.saller-bau.com\/pl\/#website","url":"https:\/\/jobs.saller-bau.com\/pl\/","name":"Saller","description":"","potentialAction":[{"@type":"SearchAction","target":{"@type":"EntryPoint","urlTemplate":"https:\/\/jobs.saller-bau.com\/pl\/?s={search_term_string}"},"query-input":{"@type":"PropertyValueSpecification","valueRequired":true,"valueName":"search_term_string"}}],"inLanguage":"pl-PL"}]}},"_links":{"self":[{"href":"https:\/\/jobs.saller-bau.com\/pl\/wp-json\/wp\/v2\/pages\/795","targetHints":{"allow":["GET"]}}],"collection":[{"href":"https:\/\/jobs.saller-bau.com\/pl\/wp-json\/wp\/v2\/pages"}],"about":[{"href":"https:\/\/jobs.saller-bau.com\/pl\/wp-json\/wp\/v2\/types\/page"}],"author":[{"embeddable":true,"href":"https:\/\/jobs.saller-bau.com\/pl\/wp-json\/wp\/v2\/users\/1"}],"replies":[{"embeddable":true,"href":"https:\/\/jobs.saller-bau.com\/pl\/wp-json\/wp\/v2\/comments?post=795"}],"version-history":[{"count":20,"href":"https:\/\/jobs.saller-bau.com\/pl\/wp-json\/wp\/v2\/pages\/795\/revisions"}],"predecessor-version":[{"id":7690,"href":"https:\/\/jobs.saller-bau.com\/pl\/wp-json\/wp\/v2\/pages\/795\/revisions\/7690"}],"wp:attachment":[{"href":"https:\/\/jobs.saller-bau.com\/pl\/wp-json\/wp\/v2\/media?parent=795"}],"curies":[{"name":"wp","href":"https:\/\/api.w.org\/{rel}","templated":true}]}}