{"id":6814,"date":"2023-11-28T19:48:05","date_gmt":"2023-11-28T18:48:05","guid":{"rendered":"https:\/\/jobsdev.saller-bau.com\/kontakt\/"},"modified":"2025-05-23T12:58:51","modified_gmt":"2025-05-23T10:58:51","slug":"kontakt","status":"publish","type":"page","link":"https:\/\/jobs.saller-bau.com\/pl\/kontakt\/","title":{"rendered":"Skontaktuj si\u0119 z nami"},"content":{"rendered":"\t\t<div data-elementor-type=\"wp-page\" data-elementor-id=\"6814\" class=\"elementor elementor-6814 elementor-227\" data-elementor-post-type=\"page\">\n\t\t\t\t<div class=\"elementor-element elementor-element-b48ff85 e-flex e-con-boxed e-con e-parent\" data-id=\"b48ff85\" data-element_type=\"container\" data-e-type=\"container\">\n\t\t\t\t\t<div class=\"e-con-inner\">\n\t\t<div class=\"elementor-element elementor-element-76f9d73 e-con-full e-flex e-con e-child\" data-id=\"76f9d73\" data-element_type=\"container\" data-e-type=\"container\">\n\t\t\t\t<div class=\"elementor-element elementor-element-dffb2cf elementor-widget elementor-widget-heading\" data-id=\"dffb2cf\" data-element_type=\"widget\" data-e-type=\"widget\" data-widget_type=\"heading.default\">\n\t\t\t\t<div class=\"elementor-widget-container\">\n\t\t\t\t\t<h2 class=\"elementor-heading-title elementor-size-default\">Grupa Saller<\/h2>\t\t\t\t<\/div>\n\t\t\t\t<\/div>\n\t\t\t\t<div class=\"elementor-element elementor-element-e258f4c elementor-widget elementor-widget-text-editor\" data-id=\"e258f4c\" data-element_type=\"widget\" data-e-type=\"widget\" data-widget_type=\"text-editor.default\">\n\t\t\t\t<div class=\"elementor-widget-container\">\n\t\t\t\t\t\t\t\t\t<p>In der Buttergrube 9<br \/>99428 Weimar, Niemcy<br \/>Tel: +49 (0) 36 43 \/ 86 74 900<br \/>Fax: +49 (0) 36 43 \/ 86 74 198<br \/>E-Mail: <a href=\"mailto:info@saller-bau.com\">info@saller-bau.com<\/a><\/p><p><strong>Oddzia\u0142 Polska<\/strong><br \/>ul. Wy\u015bcigowa 56 c<br \/>53-012 Wroc\u0142aw<br \/>Tel:\u00a0+48 (0) 71 \/ 333 0880<br \/>E-Mail: info@saller-bau.com<\/p>\t\t\t\t\t\t\t\t<\/div>\n\t\t\t\t<\/div>\n\t\t\t\t<\/div>\n\t\t<div class=\"elementor-element elementor-element-38a194b e-con-full e-flex e-con e-child\" data-id=\"38a194b\" data-element_type=\"container\" data-e-type=\"container\">\n\t\t\t\t<div class=\"elementor-element elementor-element-98b3596 elementor-widget elementor-widget-image\" data-id=\"98b3596\" data-element_type=\"widget\" data-e-type=\"widget\" data-widget_type=\"image.default\">\n\t\t\t\t<div class=\"elementor-widget-container\">\n\t\t\t\t\t\t\t\t\t\t\t\t\t\t\t<img fetchpriority=\"high\" decoding=\"async\" width=\"640\" height=\"302\" src=\"https:\/\/jobs.saller-bau.com\/wp-content\/uploads\/2025\/05\/Saller-GrupaPL-Slogan.png\" class=\"attachment-large size-large wp-image-7299\" alt=\"\" srcset=\"https:\/\/jobs.saller-bau.com\/wp-content\/uploads\/2025\/05\/Saller-GrupaPL-Slogan.png 815w, https:\/\/jobs.saller-bau.com\/wp-content\/uploads\/2025\/05\/Saller-GrupaPL-Slogan-300x141.png 300w, https:\/\/jobs.saller-bau.com\/wp-content\/uploads\/2025\/05\/Saller-GrupaPL-Slogan-768x362.png 768w, https:\/\/jobs.saller-bau.com\/wp-content\/uploads\/2025\/05\/Saller-GrupaPL-Slogan-212x100.png 212w\" sizes=\"(max-width: 640px) 100vw, 640px\" \/>\t\t\t\t\t\t\t\t\t\t\t\t\t\t\t<\/div>\n\t\t\t\t<\/div>\n\t\t\t\t<\/div>\n\t\t\t\t\t<\/div>\n\t\t\t\t<\/div>\n\t\t<div class=\"elementor-element elementor-element-15d8659 e-flex e-con-boxed e-con e-parent\" data-id=\"15d8659\" data-element_type=\"container\" data-e-type=\"container\">\n\t\t\t\t\t<div class=\"e-con-inner\">\n\t\t\t\t<div class=\"elementor-element elementor-element-a9b5e65 uael-cf7-style-underline uael-cf7-input-size-sm uael-cf7-button-left uael-cf7-btn-size-sm uael-cf7-highlight-style-default elementor-widget elementor-widget-uael-cf7-styler\" data-id=\"a9b5e65\" data-element_type=\"widget\" data-e-type=\"widget\" data-widget_type=\"uael-cf7-styler.default\">\n\t\t\t\t<div class=\"elementor-widget-container\">\n\t\t\t\t\t\t\t\t\t<div class = \"uael-cf7-container\">\n\t\t\t\t\t\t<div class = \"uael-cf7 uael-cf7-style elementor-clickable\">\n\t\t\t\t\t\t\n<div class=\"wpcf7 no-js\" id=\"wpcf7-f597-o1\" lang=\"pl-PL\" dir=\"ltr\" data-wpcf7-id=\"597\">\n<div class=\"screen-reader-response\"><p role=\"status\" aria-live=\"polite\" aria-atomic=\"true\"><\/p> <ul><\/ul><\/div>\n<form action=\"\/pl\/wp-json\/wp\/v2\/pages\/6814#wpcf7-f597-o1\" method=\"post\" class=\"wpcf7-form init wpcf7-acceptance-as-validation\" aria-label=\"Formularz kontaktowy\" novalidate=\"novalidate\" data-status=\"init\">\n<fieldset class=\"hidden-fields-container\"><input type=\"hidden\" name=\"_wpcf7\" value=\"597\" \/><input type=\"hidden\" name=\"_wpcf7_version\" value=\"6.1.5\" \/><input type=\"hidden\" name=\"_wpcf7_locale\" value=\"pl_PL\" \/><input type=\"hidden\" name=\"_wpcf7_unit_tag\" value=\"wpcf7-f597-o1\" \/><input type=\"hidden\" name=\"_wpcf7_container_post\" value=\"0\" \/><input type=\"hidden\" name=\"_wpcf7_posted_data_hash\" value=\"\" \/>\n<\/fieldset>\n<p><label> Imi\u0119 i nazwisko (pole obowi\u0105zkowe)<br \/>\n<span class=\"wpcf7-form-control-wrap\" data-name=\"your-name\"><input size=\"40\" maxlength=\"400\" class=\"wpcf7-form-control wpcf7-text wpcf7-validates-as-required\" autocomplete=\"name\" aria-required=\"true\" aria-invalid=\"false\" value=\"\" type=\"text\" name=\"your-name\" \/><\/span> <\/label>\n<\/p>\n<p><label> Tw\u00f3j adres e-mail (pole obowi\u0105zkowe)<br \/>\n<span class=\"wpcf7-form-control-wrap\" data-name=\"your-email\"><input size=\"40\" maxlength=\"400\" class=\"wpcf7-form-control wpcf7-email wpcf7-validates-as-required wpcf7-text wpcf7-validates-as-email\" autocomplete=\"email\" aria-required=\"true\" aria-invalid=\"false\" value=\"\" type=\"email\" name=\"your-email\" \/><\/span> <\/label>\n<\/p>\n<p><label> Przedmiot<br \/>\n<span class=\"wpcf7-form-control-wrap\" data-name=\"your-subject\"><select class=\"wpcf7-form-control wpcf7-select\" aria-invalid=\"false\" name=\"your-subject\"><option value=\"\u017b\u0105danie wynajmu\">\u017b\u0105danie wynajmu<\/option><option value=\"Poszukiwanie pracy\">Poszukiwanie pracy<\/option><option value=\"Oferty nieruchomo\u015bci\">Oferty nieruchomo\u015bci<\/option><\/select><\/span> <\/label>\n<\/p>\n<p><label> Twoja wiadomo\u015b\u0107 (opcjonalnie)<br \/>\n<span class=\"wpcf7-form-control-wrap\" data-name=\"your-message\"><textarea cols=\"40\" rows=\"10\" maxlength=\"2000\" class=\"wpcf7-form-control wpcf7-textarea\" aria-invalid=\"false\" name=\"your-message\"><\/textarea><\/span> <\/label>\n<\/p>\n<p class=\"datenschutz\"><br \/>\n<strong>Polityka prywatno\u015bci<\/strong><br \/>\n<span class=\"wpcf7-form-control-wrap\" data-name=\"zustimmung-datenschutz\"><span class=\"wpcf7-form-control wpcf7-acceptance\"><span class=\"wpcf7-list-item\"><label><input type=\"checkbox\" name=\"zustimmung-datenschutz\" value=\"1\" aria-invalid=\"false\" \/><span class=\"wpcf7-list-item-label\">Wyra\u017cam zgod\u0119 na gromadzenie i przetwarzanie moich danych w niniejszym formularzu kontaktowym w celu udzielenia odpowiedzi na moje zapytanie. Rozumiem, \u017ce mog\u0119 wycofa\u0107 t\u0119 zgod\u0119 w dowolnym momencie, wysy\u0142aj\u0105c wiadomo\u015b\u0107 e-mail na adres info@saller-bau.com.Wi\u0119cej informacji na temat przetwarzania danych u\u017cytkownik\u00f3w mo\u017cna znale\u017a\u0107 w <a href=\"https:\/\/www.saller-bau.com\/pl\/polityka-prywatnosci\/\">polityce prywatno\u015bci<\/a>.<\/span><\/label><\/span><\/span><\/span>\n<\/p>\n<p><input class=\"wpcf7-form-control wpcf7-submit has-spinner\" type=\"submit\" value=\"Wy\u015blij\" \/>\n<\/p><div class=\"wpcf7-response-output\" aria-hidden=\"true\"><\/div>\n<\/form>\n<\/div>\n\t\t\t\t\t<\/div>\n\t\t\t\t<\/div>\n\t\t\t\t\t\t\t\t<\/div>\n\t\t\t\t<\/div>\n\t\t\t\t\t<\/div>\n\t\t\t\t<\/div>\n\t\t\t\t<\/div>\n\t\t","protected":false},"excerpt":{"rendered":"Grupa Saller In der Buttergrube 999428 Weimar, NiemcyTel: +49 (0) 36 43 \/ 86 74 900Fax: +49 (0) 36 43 \/ 86 74 198E-Mail: info@saller-bau.com Oddzia\u0142 Polskaul. Wy\u015bcigowa 56 c53-012 Wroc\u0142awTel:\u00a0+48 (0) 71 \/ 333 0880E-Mail: info@saller-bau.com Ihr Name (Pflichtfeld) Ihre E-Mail-Adresse (Pflichtfeld) Betreff AnmietwunschJobsucheObjektangebote Ihre Nachricht (optional) Datenschutz Ich stimme zu, dass meine Angaben [&#8230;]<p><a class=\"btn btn-secondary understrap-read-more-link\" href=\"https:\/\/jobs.saller-bau.com\/pl\/kontakt\/\">Czytaj dalej\u2026<span class=\"screen-reader-text\"> from Skontaktuj si\u0119 z nami<\/span><\/a><\/p>","protected":false},"author":1,"featured_media":0,"parent":0,"menu_order":0,"comment_status":"closed","ping_status":"closed","template":"","meta":{"_acf_changed":false,"inline_featured_image":false,"pgc_sgb_lightbox_settings":"","footnotes":""},"class_list":["post-6814","page","type-page","status-publish","hentry"],"acf":[],"featured_image_src":null,"yoast_head":"<!-- This site is optimized with the Yoast SEO plugin v27.3 - https:\/\/yoast.com\/product\/yoast-seo-wordpress\/ -->\n<title>Skontaktuj si\u0119 z nami - Saller<\/title>\n<meta name=\"robots\" content=\"index, follow, max-snippet:-1, max-image-preview:large, max-video-preview:-1\" \/>\n<link rel=\"canonical\" href=\"https:\/\/jobs.saller-bau.com\/pl\/kontakt\/\" \/>\n<meta property=\"og:locale\" content=\"pl_PL\" \/>\n<meta property=\"og:type\" content=\"article\" \/>\n<meta property=\"og:title\" content=\"Skontaktuj si\u0119 z nami - Saller\" \/>\n<meta property=\"og:description\" content=\"Grupa Saller In der Buttergrube 999428 Weimar, NiemcyTel: +49 (0) 36 43 \/ 86 74 900Fax: +49 (0) 36 43 \/ 86 74 198E-Mail: info@saller-bau.com Oddzia\u0142 Polskaul. Wy\u015bcigowa 56 c53-012 Wroc\u0142awTel:\u00a0+48 (0) 71 \/ 333 0880E-Mail: info@saller-bau.com Ihr Name (Pflichtfeld) Ihre E-Mail-Adresse (Pflichtfeld) Betreff AnmietwunschJobsucheObjektangebote Ihre Nachricht (optional) Datenschutz Ich stimme zu, dass meine Angaben [...]Czytaj dalej\u2026 from Skontaktuj si\u0119 z nami\" \/>\n<meta property=\"og:url\" content=\"https:\/\/jobs.saller-bau.com\/pl\/kontakt\/\" \/>\n<meta property=\"og:site_name\" content=\"Saller\" \/>\n<meta property=\"article:modified_time\" content=\"2025-05-23T10:58:51+00:00\" \/>\n<meta property=\"og:image\" content=\"https:\/\/jobs.saller-bau.com\/wp-content\/uploads\/2025\/05\/Saller-GrupaPL-Slogan.png\" \/>\n\t<meta property=\"og:image:width\" content=\"815\" \/>\n\t<meta property=\"og:image:height\" content=\"384\" \/>\n\t<meta property=\"og:image:type\" content=\"image\/png\" \/>\n<meta name=\"twitter:card\" content=\"summary_large_image\" \/>\n<meta name=\"twitter:label1\" content=\"Szacowany czas czytania\" \/>\n\t<meta name=\"twitter:data1\" content=\"1 minuta\" \/>\n<script type=\"application\/ld+json\" class=\"yoast-schema-graph\">{\"@context\":\"https:\\\/\\\/schema.org\",\"@graph\":[{\"@type\":\"WebPage\",\"@id\":\"https:\\\/\\\/jobs.saller-bau.com\\\/pl\\\/kontakt\\\/\",\"url\":\"https:\\\/\\\/jobs.saller-bau.com\\\/pl\\\/kontakt\\\/\",\"name\":\"Skontaktuj si\u0119 z nami - Saller\",\"isPartOf\":{\"@id\":\"https:\\\/\\\/jobs.saller-bau.com\\\/pl\\\/#website\"},\"primaryImageOfPage\":{\"@id\":\"https:\\\/\\\/jobs.saller-bau.com\\\/pl\\\/kontakt\\\/#primaryimage\"},\"image\":{\"@id\":\"https:\\\/\\\/jobs.saller-bau.com\\\/pl\\\/kontakt\\\/#primaryimage\"},\"thumbnailUrl\":\"https:\\\/\\\/jobs.saller-bau.com\\\/wp-content\\\/uploads\\\/2025\\\/05\\\/Saller-GrupaPL-Slogan.png\",\"datePublished\":\"2023-11-28T18:48:05+00:00\",\"dateModified\":\"2025-05-23T10:58:51+00:00\",\"breadcrumb\":{\"@id\":\"https:\\\/\\\/jobs.saller-bau.com\\\/pl\\\/kontakt\\\/#breadcrumb\"},\"inLanguage\":\"pl-PL\",\"potentialAction\":[{\"@type\":\"ReadAction\",\"target\":[\"https:\\\/\\\/jobs.saller-bau.com\\\/pl\\\/kontakt\\\/\"]}]},{\"@type\":\"ImageObject\",\"inLanguage\":\"pl-PL\",\"@id\":\"https:\\\/\\\/jobs.saller-bau.com\\\/pl\\\/kontakt\\\/#primaryimage\",\"url\":\"https:\\\/\\\/jobs.saller-bau.com\\\/wp-content\\\/uploads\\\/2025\\\/05\\\/Saller-GrupaPL-Slogan.png\",\"contentUrl\":\"https:\\\/\\\/jobs.saller-bau.com\\\/wp-content\\\/uploads\\\/2025\\\/05\\\/Saller-GrupaPL-Slogan.png\"},{\"@type\":\"BreadcrumbList\",\"@id\":\"https:\\\/\\\/jobs.saller-bau.com\\\/pl\\\/kontakt\\\/#breadcrumb\",\"itemListElement\":[{\"@type\":\"ListItem\",\"position\":1,\"name\":\"Startseite\",\"item\":\"https:\\\/\\\/jobs.saller-bau.com\\\/pl\\\/\"},{\"@type\":\"ListItem\",\"position\":2,\"name\":\"Skontaktuj si\u0119 z nami\"}]},{\"@type\":\"WebSite\",\"@id\":\"https:\\\/\\\/jobs.saller-bau.com\\\/pl\\\/#website\",\"url\":\"https:\\\/\\\/jobs.saller-bau.com\\\/pl\\\/\",\"name\":\"Saller\",\"description\":\"\",\"potentialAction\":[{\"@type\":\"SearchAction\",\"target\":{\"@type\":\"EntryPoint\",\"urlTemplate\":\"https:\\\/\\\/jobs.saller-bau.com\\\/pl\\\/?s={search_term_string}\"},\"query-input\":{\"@type\":\"PropertyValueSpecification\",\"valueRequired\":true,\"valueName\":\"search_term_string\"}}],\"inLanguage\":\"pl-PL\"}]}<\/script>\n<!-- \/ Yoast SEO plugin. -->","yoast_head_json":{"title":"Skontaktuj si\u0119 z nami - Saller","robots":{"index":"index","follow":"follow","max-snippet":"max-snippet:-1","max-image-preview":"max-image-preview:large","max-video-preview":"max-video-preview:-1"},"canonical":"https:\/\/jobs.saller-bau.com\/pl\/kontakt\/","og_locale":"pl_PL","og_type":"article","og_title":"Skontaktuj si\u0119 z nami - Saller","og_description":"Grupa Saller In der Buttergrube 999428 Weimar, NiemcyTel: +49 (0) 36 43 \/ 86 74 900Fax: +49 (0) 36 43 \/ 86 74 198E-Mail: info@saller-bau.com Oddzia\u0142 Polskaul. Wy\u015bcigowa 56 c53-012 Wroc\u0142awTel:\u00a0+48 (0) 71 \/ 333 0880E-Mail: info@saller-bau.com Ihr Name (Pflichtfeld) Ihre E-Mail-Adresse (Pflichtfeld) Betreff AnmietwunschJobsucheObjektangebote Ihre Nachricht (optional) Datenschutz Ich stimme zu, dass meine Angaben [...]Czytaj dalej\u2026 from Skontaktuj si\u0119 z nami","og_url":"https:\/\/jobs.saller-bau.com\/pl\/kontakt\/","og_site_name":"Saller","article_modified_time":"2025-05-23T10:58:51+00:00","og_image":[{"width":815,"height":384,"url":"https:\/\/jobs.saller-bau.com\/wp-content\/uploads\/2025\/05\/Saller-GrupaPL-Slogan.png","type":"image\/png"}],"twitter_card":"summary_large_image","twitter_misc":{"Szacowany czas czytania":"1 minuta"},"schema":{"@context":"https:\/\/schema.org","@graph":[{"@type":"WebPage","@id":"https:\/\/jobs.saller-bau.com\/pl\/kontakt\/","url":"https:\/\/jobs.saller-bau.com\/pl\/kontakt\/","name":"Skontaktuj si\u0119 z nami - Saller","isPartOf":{"@id":"https:\/\/jobs.saller-bau.com\/pl\/#website"},"primaryImageOfPage":{"@id":"https:\/\/jobs.saller-bau.com\/pl\/kontakt\/#primaryimage"},"image":{"@id":"https:\/\/jobs.saller-bau.com\/pl\/kontakt\/#primaryimage"},"thumbnailUrl":"https:\/\/jobs.saller-bau.com\/wp-content\/uploads\/2025\/05\/Saller-GrupaPL-Slogan.png","datePublished":"2023-11-28T18:48:05+00:00","dateModified":"2025-05-23T10:58:51+00:00","breadcrumb":{"@id":"https:\/\/jobs.saller-bau.com\/pl\/kontakt\/#breadcrumb"},"inLanguage":"pl-PL","potentialAction":[{"@type":"ReadAction","target":["https:\/\/jobs.saller-bau.com\/pl\/kontakt\/"]}]},{"@type":"ImageObject","inLanguage":"pl-PL","@id":"https:\/\/jobs.saller-bau.com\/pl\/kontakt\/#primaryimage","url":"https:\/\/jobs.saller-bau.com\/wp-content\/uploads\/2025\/05\/Saller-GrupaPL-Slogan.png","contentUrl":"https:\/\/jobs.saller-bau.com\/wp-content\/uploads\/2025\/05\/Saller-GrupaPL-Slogan.png"},{"@type":"BreadcrumbList","@id":"https:\/\/jobs.saller-bau.com\/pl\/kontakt\/#breadcrumb","itemListElement":[{"@type":"ListItem","position":1,"name":"Startseite","item":"https:\/\/jobs.saller-bau.com\/pl\/"},{"@type":"ListItem","position":2,"name":"Skontaktuj si\u0119 z nami"}]},{"@type":"WebSite","@id":"https:\/\/jobs.saller-bau.com\/pl\/#website","url":"https:\/\/jobs.saller-bau.com\/pl\/","name":"Saller","description":"","potentialAction":[{"@type":"SearchAction","target":{"@type":"EntryPoint","urlTemplate":"https:\/\/jobs.saller-bau.com\/pl\/?s={search_term_string}"},"query-input":{"@type":"PropertyValueSpecification","valueRequired":true,"valueName":"search_term_string"}}],"inLanguage":"pl-PL"}]}},"_links":{"self":[{"href":"https:\/\/jobs.saller-bau.com\/pl\/wp-json\/wp\/v2\/pages\/6814","targetHints":{"allow":["GET"]}}],"collection":[{"href":"https:\/\/jobs.saller-bau.com\/pl\/wp-json\/wp\/v2\/pages"}],"about":[{"href":"https:\/\/jobs.saller-bau.com\/pl\/wp-json\/wp\/v2\/types\/page"}],"author":[{"embeddable":true,"href":"https:\/\/jobs.saller-bau.com\/pl\/wp-json\/wp\/v2\/users\/1"}],"replies":[{"embeddable":true,"href":"https:\/\/jobs.saller-bau.com\/pl\/wp-json\/wp\/v2\/comments?post=6814"}],"version-history":[{"count":17,"href":"https:\/\/jobs.saller-bau.com\/pl\/wp-json\/wp\/v2\/pages\/6814\/revisions"}],"predecessor-version":[{"id":7335,"href":"https:\/\/jobs.saller-bau.com\/pl\/wp-json\/wp\/v2\/pages\/6814\/revisions\/7335"}],"wp:attachment":[{"href":"https:\/\/jobs.saller-bau.com\/pl\/wp-json\/wp\/v2\/media?parent=6814"}],"curies":[{"name":"wp","href":"https:\/\/api.w.org\/{rel}","templated":true}]}}