{"id":997,"date":"2024-01-05T17:28:18","date_gmt":"2024-01-05T16:28:18","guid":{"rendered":"https:\/\/jobsdev.saller-bau.com\/?page_id=997"},"modified":"2025-06-05T09:23:02","modified_gmt":"2025-06-05T07:23:02","slug":"volna-mista","status":"publish","type":"page","link":"https:\/\/jobs.saller-bau.com\/cs\/volna-mista\/","title":{"rendered":"Voln\u00e1 m\u00edsta"},"content":{"rendered":"\t\t<div data-elementor-type=\"wp-page\" data-elementor-id=\"997\" class=\"elementor elementor-997 elementor-679\" data-elementor-post-type=\"page\">\n\t\t\t\t<div class=\"elementor-element elementor-element-cb201f1 e-flex e-con-boxed e-con e-parent\" data-id=\"cb201f1\" data-element_type=\"container\" data-e-type=\"container\">\n\t\t\t\t\t<div class=\"e-con-inner\">\n\t\t\t\t<div class=\"elementor-element elementor-element-f06b118 elementor-widget elementor-widget-text-editor\" data-id=\"f06b118\" data-element_type=\"widget\" data-e-type=\"widget\" data-widget_type=\"text-editor.default\">\n\t\t\t\t<div class=\"elementor-widget-container\">\n\t\t\t\t\t\t\t\t\t<h5 class=\"text-center\">T\u011b\u0161\u00edme se na Va\u0161i <a href=\"\/cs\/aplikace\/\"><strong>individu\u00e1ln\u00ed iniciativn\u00ed \u017e\u00e1dost<\/strong><\/a> o zam\u011bstn\u00e1n\u00ed.<\/h5>\t\t\t\t\t\t\t\t<\/div>\n\t\t\t\t<\/div>\n\t\t\t\t\t<\/div>\n\t\t\t\t<\/div>\n\t\t\t\t<\/div>\n\t\t","protected":false},"excerpt":{"rendered":"T\u011b\u0161\u00edme se na Va\u0161i individu\u00e1ln\u00ed iniciativn\u00ed \u017e\u00e1dost o zam\u011bstn\u00e1n\u00ed. [&#8230;]<p><a class=\"btn btn-secondary understrap-read-more-link\" href=\"https:\/\/jobs.saller-bau.com\/cs\/volna-mista\/\">\u010c\u00edst d\u00e1le&#8230;<span class=\"screen-reader-text\"> from Voln\u00e1 m\u00edsta<\/span><\/a><\/p>","protected":false},"author":1,"featured_media":0,"parent":0,"menu_order":0,"comment_status":"closed","ping_status":"closed","template":"","meta":{"_acf_changed":false,"inline_featured_image":false,"pgc_sgb_lightbox_settings":"","footnotes":""},"class_list":["post-997","page","type-page","status-publish","hentry"],"acf":[],"featured_image_src":null,"yoast_head":"<!-- This site is optimized with the Yoast SEO plugin v27.4 - https:\/\/yoast.com\/product\/yoast-seo-wordpress\/ -->\n<title>Voln\u00e1 m\u00edsta - Saller<\/title>\n<meta name=\"robots\" content=\"index, follow, max-snippet:-1, max-image-preview:large, max-video-preview:-1\" \/>\n<link rel=\"canonical\" href=\"https:\/\/jobs.saller-bau.com\/cs\/volna-mista\/\" \/>\n<meta property=\"og:locale\" content=\"cs_CZ\" \/>\n<meta property=\"og:type\" content=\"article\" \/>\n<meta property=\"og:title\" content=\"Voln\u00e1 m\u00edsta - Saller\" \/>\n<meta property=\"og:description\" content=\"T\u011b\u0161\u00edme se na Va\u0161i individu\u00e1ln\u00ed iniciativn\u00ed \u017e\u00e1dost o zam\u011bstn\u00e1n\u00ed. [...]\u010c\u00edst d\u00e1le... from Voln\u00e1 m\u00edsta\" \/>\n<meta property=\"og:url\" content=\"https:\/\/jobs.saller-bau.com\/cs\/volna-mista\/\" \/>\n<meta property=\"og:site_name\" content=\"Saller\" \/>\n<meta property=\"article:modified_time\" content=\"2025-06-05T07:23:02+00:00\" \/>\n<meta name=\"twitter:card\" content=\"summary_large_image\" \/>\n<meta name=\"twitter:label1\" content=\"Odhadovan\u00e1 doba \u010dten\u00ed\" \/>\n\t<meta name=\"twitter:data1\" content=\"1 minuta\" \/>\n<script type=\"application\/ld+json\" class=\"yoast-schema-graph\">{\"@context\":\"https:\\\/\\\/schema.org\",\"@graph\":[{\"@type\":\"WebPage\",\"@id\":\"https:\\\/\\\/jobs.saller-bau.com\\\/cs\\\/volna-mista\\\/\",\"url\":\"https:\\\/\\\/jobs.saller-bau.com\\\/cs\\\/volna-mista\\\/\",\"name\":\"Voln\u00e1 m\u00edsta - Saller\",\"isPartOf\":{\"@id\":\"https:\\\/\\\/jobs.saller-bau.com\\\/cs\\\/#website\"},\"datePublished\":\"2024-01-05T16:28:18+00:00\",\"dateModified\":\"2025-06-05T07:23:02+00:00\",\"breadcrumb\":{\"@id\":\"https:\\\/\\\/jobs.saller-bau.com\\\/cs\\\/volna-mista\\\/#breadcrumb\"},\"inLanguage\":\"cs\",\"potentialAction\":[{\"@type\":\"ReadAction\",\"target\":[\"https:\\\/\\\/jobs.saller-bau.com\\\/cs\\\/volna-mista\\\/\"]}]},{\"@type\":\"BreadcrumbList\",\"@id\":\"https:\\\/\\\/jobs.saller-bau.com\\\/cs\\\/volna-mista\\\/#breadcrumb\",\"itemListElement\":[{\"@type\":\"ListItem\",\"position\":1,\"name\":\"Startseite\",\"item\":\"https:\\\/\\\/jobs.saller-bau.com\\\/cs\\\/\"},{\"@type\":\"ListItem\",\"position\":2,\"name\":\"Voln\u00e1 m\u00edsta\"}]},{\"@type\":\"WebSite\",\"@id\":\"https:\\\/\\\/jobs.saller-bau.com\\\/cs\\\/#website\",\"url\":\"https:\\\/\\\/jobs.saller-bau.com\\\/cs\\\/\",\"name\":\"Saller\",\"description\":\"\",\"potentialAction\":[{\"@type\":\"SearchAction\",\"target\":{\"@type\":\"EntryPoint\",\"urlTemplate\":\"https:\\\/\\\/jobs.saller-bau.com\\\/cs\\\/?s={search_term_string}\"},\"query-input\":{\"@type\":\"PropertyValueSpecification\",\"valueRequired\":true,\"valueName\":\"search_term_string\"}}],\"inLanguage\":\"cs\"}]}<\/script>\n<!-- \/ Yoast SEO plugin. -->","yoast_head_json":{"title":"Voln\u00e1 m\u00edsta - Saller","robots":{"index":"index","follow":"follow","max-snippet":"max-snippet:-1","max-image-preview":"max-image-preview:large","max-video-preview":"max-video-preview:-1"},"canonical":"https:\/\/jobs.saller-bau.com\/cs\/volna-mista\/","og_locale":"cs_CZ","og_type":"article","og_title":"Voln\u00e1 m\u00edsta - Saller","og_description":"T\u011b\u0161\u00edme se na Va\u0161i individu\u00e1ln\u00ed iniciativn\u00ed \u017e\u00e1dost o zam\u011bstn\u00e1n\u00ed. [...]\u010c\u00edst d\u00e1le... from Voln\u00e1 m\u00edsta","og_url":"https:\/\/jobs.saller-bau.com\/cs\/volna-mista\/","og_site_name":"Saller","article_modified_time":"2025-06-05T07:23:02+00:00","twitter_card":"summary_large_image","twitter_misc":{"Odhadovan\u00e1 doba \u010dten\u00ed":"1 minuta"},"schema":{"@context":"https:\/\/schema.org","@graph":[{"@type":"WebPage","@id":"https:\/\/jobs.saller-bau.com\/cs\/volna-mista\/","url":"https:\/\/jobs.saller-bau.com\/cs\/volna-mista\/","name":"Voln\u00e1 m\u00edsta - Saller","isPartOf":{"@id":"https:\/\/jobs.saller-bau.com\/cs\/#website"},"datePublished":"2024-01-05T16:28:18+00:00","dateModified":"2025-06-05T07:23:02+00:00","breadcrumb":{"@id":"https:\/\/jobs.saller-bau.com\/cs\/volna-mista\/#breadcrumb"},"inLanguage":"cs","potentialAction":[{"@type":"ReadAction","target":["https:\/\/jobs.saller-bau.com\/cs\/volna-mista\/"]}]},{"@type":"BreadcrumbList","@id":"https:\/\/jobs.saller-bau.com\/cs\/volna-mista\/#breadcrumb","itemListElement":[{"@type":"ListItem","position":1,"name":"Startseite","item":"https:\/\/jobs.saller-bau.com\/cs\/"},{"@type":"ListItem","position":2,"name":"Voln\u00e1 m\u00edsta"}]},{"@type":"WebSite","@id":"https:\/\/jobs.saller-bau.com\/cs\/#website","url":"https:\/\/jobs.saller-bau.com\/cs\/","name":"Saller","description":"","potentialAction":[{"@type":"SearchAction","target":{"@type":"EntryPoint","urlTemplate":"https:\/\/jobs.saller-bau.com\/cs\/?s={search_term_string}"},"query-input":{"@type":"PropertyValueSpecification","valueRequired":true,"valueName":"search_term_string"}}],"inLanguage":"cs"}]}},"_links":{"self":[{"href":"https:\/\/jobs.saller-bau.com\/cs\/wp-json\/wp\/v2\/pages\/997","targetHints":{"allow":["GET"]}}],"collection":[{"href":"https:\/\/jobs.saller-bau.com\/cs\/wp-json\/wp\/v2\/pages"}],"about":[{"href":"https:\/\/jobs.saller-bau.com\/cs\/wp-json\/wp\/v2\/types\/page"}],"author":[{"embeddable":true,"href":"https:\/\/jobs.saller-bau.com\/cs\/wp-json\/wp\/v2\/users\/1"}],"replies":[{"embeddable":true,"href":"https:\/\/jobs.saller-bau.com\/cs\/wp-json\/wp\/v2\/comments?post=997"}],"version-history":[{"count":26,"href":"https:\/\/jobs.saller-bau.com\/cs\/wp-json\/wp\/v2\/pages\/997\/revisions"}],"predecessor-version":[{"id":7687,"href":"https:\/\/jobs.saller-bau.com\/cs\/wp-json\/wp\/v2\/pages\/997\/revisions\/7687"}],"wp:attachment":[{"href":"https:\/\/jobs.saller-bau.com\/cs\/wp-json\/wp\/v2\/media?parent=997"}],"curies":[{"name":"wp","href":"https:\/\/api.w.org\/{rel}","templated":true}]}}