{"id":6805,"date":"2023-11-28T19:48:05","date_gmt":"2023-11-28T18:48:05","guid":{"rendered":"https:\/\/jobsdev.saller-bau.com\/kontakt\/"},"modified":"2025-05-23T13:00:42","modified_gmt":"2025-05-23T11:00:42","slug":"kontakt","status":"publish","type":"page","link":"https:\/\/jobs.saller-bau.com\/cs\/kontakt\/","title":{"rendered":"Kontaktujte n\u00e1s"},"content":{"rendered":"\t\t<div data-elementor-type=\"wp-page\" data-elementor-id=\"6805\" class=\"elementor elementor-6805 elementor-227\" data-elementor-post-type=\"page\">\n\t\t\t\t<div class=\"elementor-element elementor-element-b48ff85 e-flex e-con-boxed e-con e-parent\" data-id=\"b48ff85\" data-element_type=\"container\" data-e-type=\"container\">\n\t\t\t\t\t<div class=\"e-con-inner\">\n\t\t<div class=\"elementor-element elementor-element-76f9d73 e-con-full e-flex e-con e-child\" data-id=\"76f9d73\" data-element_type=\"container\" data-e-type=\"container\">\n\t\t\t\t<div class=\"elementor-element elementor-element-dffb2cf elementor-widget elementor-widget-heading\" data-id=\"dffb2cf\" data-element_type=\"widget\" data-e-type=\"widget\" data-widget_type=\"heading.default\">\n\t\t\t\t<div class=\"elementor-widget-container\">\n\t\t\t\t\t<h2 class=\"elementor-heading-title elementor-size-default\">Skupina spole\u010dnost\u00ed Saller<\/h2>\t\t\t\t<\/div>\n\t\t\t\t<\/div>\n\t\t\t\t<div class=\"elementor-element elementor-element-e258f4c elementor-widget elementor-widget-text-editor\" data-id=\"e258f4c\" data-element_type=\"widget\" data-e-type=\"widget\" data-widget_type=\"text-editor.default\">\n\t\t\t\t<div class=\"elementor-widget-container\">\n\t\t\t\t\t\t\t\t\t<p>In der Buttergrube 9<br \/>99428 Weimar, N\u011bmecko<br \/>Tel: +49 (0) 36 43 \/ 86 74 900<br \/>Fax: +49 (0) 36 43 \/ 86 74 198<br \/>E-Mail: <a href=\"mailto:info@saller-bau.com\">info@saller-bau.com<\/a><\/p><p><strong>Pobo\u010dka \u010cesk\u00e1 republika:<\/strong><br \/>Obchodn\u00ed z\u00f3na 266<br \/>431 11 Otvice<br \/>\u010cesk\u00e1 republika<br \/>Telefon: +420 474 638 940<br \/>E-mail: info@saller-bau.com<\/p>\t\t\t\t\t\t\t\t<\/div>\n\t\t\t\t<\/div>\n\t\t\t\t<\/div>\n\t\t<div class=\"elementor-element elementor-element-38a194b e-con-full e-flex e-con e-child\" data-id=\"38a194b\" data-element_type=\"container\" data-e-type=\"container\">\n\t\t\t\t<div class=\"elementor-element elementor-element-98b3596 elementor-widget elementor-widget-image\" data-id=\"98b3596\" data-element_type=\"widget\" data-e-type=\"widget\" data-widget_type=\"image.default\">\n\t\t\t\t<div class=\"elementor-widget-container\">\n\t\t\t\t\t\t\t\t\t\t\t\t\t\t\t<img fetchpriority=\"high\" decoding=\"async\" width=\"546\" height=\"274\" src=\"https:\/\/jobs.saller-bau.com\/wp-content\/uploads\/2025\/05\/Saller-mit-Slogan_CZ.png\" class=\"attachment-large size-large wp-image-7311\" alt=\"\" srcset=\"https:\/\/jobs.saller-bau.com\/wp-content\/uploads\/2025\/05\/Saller-mit-Slogan_CZ.png 546w, https:\/\/jobs.saller-bau.com\/wp-content\/uploads\/2025\/05\/Saller-mit-Slogan_CZ-300x151.png 300w, https:\/\/jobs.saller-bau.com\/wp-content\/uploads\/2025\/05\/Saller-mit-Slogan_CZ-199x100.png 199w\" sizes=\"(max-width: 546px) 100vw, 546px\" \/>\t\t\t\t\t\t\t\t\t\t\t\t\t\t\t<\/div>\n\t\t\t\t<\/div>\n\t\t\t\t<\/div>\n\t\t\t\t\t<\/div>\n\t\t\t\t<\/div>\n\t\t<div class=\"elementor-element elementor-element-15d8659 e-flex e-con-boxed e-con e-parent\" data-id=\"15d8659\" data-element_type=\"container\" data-e-type=\"container\">\n\t\t\t\t\t<div class=\"e-con-inner\">\n\t\t\t\t<div class=\"elementor-element elementor-element-a9b5e65 uael-cf7-style-underline uael-cf7-input-size-sm uael-cf7-button-left uael-cf7-btn-size-sm uael-cf7-highlight-style-default elementor-widget elementor-widget-uael-cf7-styler\" data-id=\"a9b5e65\" data-element_type=\"widget\" data-e-type=\"widget\" data-widget_type=\"uael-cf7-styler.default\">\n\t\t\t\t<div class=\"elementor-widget-container\">\n\t\t\t\t\t\t\t\t\t<div class = \"uael-cf7-container\">\n\t\t\t\t\t\t<div class = \"uael-cf7 uael-cf7-style elementor-clickable\">\n\t\t\t\t\t\t\n<div class=\"wpcf7 no-js\" id=\"wpcf7-f602-o1\" lang=\"cs-CZ\" dir=\"ltr\" data-wpcf7-id=\"602\">\n<div class=\"screen-reader-response\"><p role=\"status\" aria-live=\"polite\" aria-atomic=\"true\"><\/p> <ul><\/ul><\/div>\n<form action=\"\/cs\/wp-json\/wp\/v2\/pages\/6805#wpcf7-f602-o1\" method=\"post\" class=\"wpcf7-form init wpcf7-acceptance-as-validation\" aria-label=\"Kontaktn\u00ed formul\u00e1\u0159\" novalidate=\"novalidate\" data-status=\"init\">\n<fieldset class=\"hidden-fields-container\"><input type=\"hidden\" name=\"_wpcf7\" value=\"602\" \/><input type=\"hidden\" name=\"_wpcf7_version\" value=\"6.1.5\" \/><input type=\"hidden\" name=\"_wpcf7_locale\" value=\"cs_CZ\" \/><input type=\"hidden\" name=\"_wpcf7_unit_tag\" value=\"wpcf7-f602-o1\" \/><input type=\"hidden\" name=\"_wpcf7_container_post\" value=\"0\" \/><input type=\"hidden\" name=\"_wpcf7_posted_data_hash\" value=\"\" \/>\n<\/fieldset>\n<p><label> Va\u0161e jm\u00e9no (povinn\u00e9 pole)<br \/>\n<span class=\"wpcf7-form-control-wrap\" data-name=\"your-name\"><input size=\"40\" maxlength=\"400\" class=\"wpcf7-form-control wpcf7-text wpcf7-validates-as-required\" autocomplete=\"name\" aria-required=\"true\" aria-invalid=\"false\" value=\"\" type=\"text\" name=\"your-name\" \/><\/span> <\/label>\n<\/p>\n<p><label> Va\u0161e e-mailov\u00e1 adresa (povinn\u00e9 pole)<br \/>\n<span class=\"wpcf7-form-control-wrap\" data-name=\"your-email\"><input size=\"40\" maxlength=\"400\" class=\"wpcf7-form-control wpcf7-email wpcf7-validates-as-required wpcf7-text wpcf7-validates-as-email\" autocomplete=\"email\" aria-required=\"true\" aria-invalid=\"false\" value=\"\" type=\"email\" name=\"your-email\" \/><\/span> <\/label>\n<\/p>\n<p><label> P\u0159edm\u011bt<br \/>\n<span class=\"wpcf7-form-control-wrap\" data-name=\"your-subject\"><select class=\"wpcf7-form-control wpcf7-select\" aria-invalid=\"false\" name=\"your-subject\"><option value=\"\u017d\u00e1dost o pron\u00e1jem\">\u017d\u00e1dost o pron\u00e1jem<\/option><option value=\"Hled\u00e1n\u00ed pr\u00e1ce\">Hled\u00e1n\u00ed pr\u00e1ce<\/option><option value=\"Nab\u00eddky nemovitost\u00ed\">Nab\u00eddky nemovitost\u00ed<\/option><\/select><\/span> <\/label>\n<\/p>\n<p><label> Va\u0161e zpr\u00e1va (nepovinn\u00e9)<br \/>\n<span class=\"wpcf7-form-control-wrap\" data-name=\"your-message\"><textarea cols=\"40\" rows=\"10\" maxlength=\"2000\" class=\"wpcf7-form-control wpcf7-textarea\" aria-invalid=\"false\" name=\"your-message\"><\/textarea><\/span> <\/label>\n<\/p>\n<p class=\"datenschutz\"><br \/>\n<strong>Ochrana \u00fadaj\u016f<\/strong><br \/>\n<span class=\"wpcf7-form-control-wrap\" data-name=\"zustimmung-datenschutz\"><span class=\"wpcf7-form-control wpcf7-acceptance\"><span class=\"wpcf7-list-item\"><label><input type=\"checkbox\" name=\"zustimmung-datenschutz\" value=\"1\" aria-invalid=\"false\" \/><span class=\"wpcf7-list-item-label\">Souhlas\u00edm s t\u00edm, \u017ee m\u00e9 \u00fadaje v tomto kontaktn\u00edm formul\u00e1\u0159i budou shroma\u017e\u010fov\u00e1ny a zpracov\u00e1v\u00e1ny za \u00fa\u010delem zodpov\u011bzen\u00ed m\u00e9ho dotazu. \n Beru na v\u011bdom\u00ed, \u017ee tento souhlas mohu kdykoli odvolat zasl\u00e1n\u00edm e-mailu na adresu info@saller-bau.com. Dal\u0161\u00ed informace o nakl\u00e1d\u00e1n\u00ed s u\u017eivatelsk\u00fdmi \u00fadaji naleznete v <a href=\"https:\/\/www.saller-bau.com\/cs\/zasady-ochrany-osobnich-udaju\/\">z\u00e1sad\u00e1ch ochrany osobn\u00edch \u00fadaj\u016f<\/a>.<\/span><\/label><\/span><\/span><\/span>\n<\/p>\n<p><input class=\"wpcf7-form-control wpcf7-submit has-spinner\" type=\"submit\" value=\"Odeslat\" \/>\n<\/p><div class=\"wpcf7-response-output\" aria-hidden=\"true\"><\/div>\n<\/form>\n<\/div>\n\t\t\t\t\t<\/div>\n\t\t\t\t<\/div>\n\t\t\t\t\t\t\t\t<\/div>\n\t\t\t\t<\/div>\n\t\t\t\t\t<\/div>\n\t\t\t\t<\/div>\n\t\t\t\t<\/div>\n\t\t","protected":false},"excerpt":{"rendered":"Skupina spole\u010dnost\u00ed Saller In der Buttergrube 999428 Weimar, N\u011bmeckoTel: +49 (0) 36 43 \/ 86 74 900Fax: +49 (0) 36 43 \/ 86 74 198E-Mail: info@saller-bau.com Pobo\u010dka \u010cesk\u00e1 republika:Obchodn\u00ed z\u00f3na 266431 11 Otvice\u010cesk\u00e1 republikaTelefon: +420 474 638 940E-mail: info@saller-bau.com Ihr Name (Pflichtfeld) Ihre E-Mail-Adresse (Pflichtfeld) Betreff AnmietwunschJobsucheObjektangebote Ihre Nachricht (optional) Datenschutz Ich stimme zu, dass [&#8230;]<p><a class=\"btn btn-secondary understrap-read-more-link\" href=\"https:\/\/jobs.saller-bau.com\/cs\/kontakt\/\">\u010c\u00edst d\u00e1le&#8230;<span class=\"screen-reader-text\"> from Kontaktujte n\u00e1s<\/span><\/a><\/p>","protected":false},"author":1,"featured_media":0,"parent":0,"menu_order":0,"comment_status":"closed","ping_status":"closed","template":"","meta":{"_acf_changed":false,"inline_featured_image":false,"pgc_sgb_lightbox_settings":"","footnotes":""},"class_list":["post-6805","page","type-page","status-publish","hentry"],"acf":[],"featured_image_src":null,"yoast_head":"<!-- This site is optimized with the Yoast SEO plugin v27.4 - https:\/\/yoast.com\/product\/yoast-seo-wordpress\/ -->\n<title>Kontaktujte n\u00e1s - Saller<\/title>\n<meta name=\"robots\" content=\"index, follow, max-snippet:-1, max-image-preview:large, max-video-preview:-1\" \/>\n<link rel=\"canonical\" href=\"https:\/\/jobs.saller-bau.com\/cs\/kontakt\/\" \/>\n<meta property=\"og:locale\" content=\"cs_CZ\" \/>\n<meta property=\"og:type\" content=\"article\" \/>\n<meta property=\"og:title\" content=\"Kontaktujte n\u00e1s - Saller\" \/>\n<meta property=\"og:description\" content=\"Skupina spole\u010dnost\u00ed Saller In der Buttergrube 999428 Weimar, N\u011bmeckoTel: +49 (0) 36 43 \/ 86 74 900Fax: +49 (0) 36 43 \/ 86 74 198E-Mail: info@saller-bau.com Pobo\u010dka \u010cesk\u00e1 republika:Obchodn\u00ed z\u00f3na 266431 11 Otvice\u010cesk\u00e1 republikaTelefon: +420 474 638 940E-mail: info@saller-bau.com Ihr Name (Pflichtfeld) Ihre E-Mail-Adresse (Pflichtfeld) Betreff AnmietwunschJobsucheObjektangebote Ihre Nachricht (optional) Datenschutz Ich stimme zu, dass [...]\u010c\u00edst d\u00e1le... from Kontaktujte n\u00e1s\" \/>\n<meta property=\"og:url\" content=\"https:\/\/jobs.saller-bau.com\/cs\/kontakt\/\" \/>\n<meta property=\"og:site_name\" content=\"Saller\" \/>\n<meta property=\"article:modified_time\" content=\"2025-05-23T11:00:42+00:00\" \/>\n<meta property=\"og:image\" content=\"https:\/\/jobs.saller-bau.com\/wp-content\/uploads\/2025\/05\/Saller-mit-Slogan_CZ.png\" \/>\n\t<meta property=\"og:image:width\" content=\"546\" \/>\n\t<meta property=\"og:image:height\" content=\"274\" \/>\n\t<meta property=\"og:image:type\" content=\"image\/png\" \/>\n<meta name=\"twitter:card\" content=\"summary_large_image\" \/>\n<meta name=\"twitter:label1\" content=\"Odhadovan\u00e1 doba \u010dten\u00ed\" \/>\n\t<meta name=\"twitter:data1\" content=\"1 minuta\" \/>\n<script type=\"application\/ld+json\" class=\"yoast-schema-graph\">{\"@context\":\"https:\\\/\\\/schema.org\",\"@graph\":[{\"@type\":\"WebPage\",\"@id\":\"https:\\\/\\\/jobs.saller-bau.com\\\/cs\\\/kontakt\\\/\",\"url\":\"https:\\\/\\\/jobs.saller-bau.com\\\/cs\\\/kontakt\\\/\",\"name\":\"Kontaktujte n\u00e1s - Saller\",\"isPartOf\":{\"@id\":\"https:\\\/\\\/jobs.saller-bau.com\\\/cs\\\/#website\"},\"primaryImageOfPage\":{\"@id\":\"https:\\\/\\\/jobs.saller-bau.com\\\/cs\\\/kontakt\\\/#primaryimage\"},\"image\":{\"@id\":\"https:\\\/\\\/jobs.saller-bau.com\\\/cs\\\/kontakt\\\/#primaryimage\"},\"thumbnailUrl\":\"https:\\\/\\\/jobs.saller-bau.com\\\/wp-content\\\/uploads\\\/2025\\\/05\\\/Saller-mit-Slogan_CZ.png\",\"datePublished\":\"2023-11-28T18:48:05+00:00\",\"dateModified\":\"2025-05-23T11:00:42+00:00\",\"breadcrumb\":{\"@id\":\"https:\\\/\\\/jobs.saller-bau.com\\\/cs\\\/kontakt\\\/#breadcrumb\"},\"inLanguage\":\"cs\",\"potentialAction\":[{\"@type\":\"ReadAction\",\"target\":[\"https:\\\/\\\/jobs.saller-bau.com\\\/cs\\\/kontakt\\\/\"]}]},{\"@type\":\"ImageObject\",\"inLanguage\":\"cs\",\"@id\":\"https:\\\/\\\/jobs.saller-bau.com\\\/cs\\\/kontakt\\\/#primaryimage\",\"url\":\"https:\\\/\\\/jobs.saller-bau.com\\\/wp-content\\\/uploads\\\/2025\\\/05\\\/Saller-mit-Slogan_CZ.png\",\"contentUrl\":\"https:\\\/\\\/jobs.saller-bau.com\\\/wp-content\\\/uploads\\\/2025\\\/05\\\/Saller-mit-Slogan_CZ.png\"},{\"@type\":\"BreadcrumbList\",\"@id\":\"https:\\\/\\\/jobs.saller-bau.com\\\/cs\\\/kontakt\\\/#breadcrumb\",\"itemListElement\":[{\"@type\":\"ListItem\",\"position\":1,\"name\":\"Startseite\",\"item\":\"https:\\\/\\\/jobs.saller-bau.com\\\/cs\\\/\"},{\"@type\":\"ListItem\",\"position\":2,\"name\":\"Kontaktujte n\u00e1s\"}]},{\"@type\":\"WebSite\",\"@id\":\"https:\\\/\\\/jobs.saller-bau.com\\\/cs\\\/#website\",\"url\":\"https:\\\/\\\/jobs.saller-bau.com\\\/cs\\\/\",\"name\":\"Saller\",\"description\":\"\",\"potentialAction\":[{\"@type\":\"SearchAction\",\"target\":{\"@type\":\"EntryPoint\",\"urlTemplate\":\"https:\\\/\\\/jobs.saller-bau.com\\\/cs\\\/?s={search_term_string}\"},\"query-input\":{\"@type\":\"PropertyValueSpecification\",\"valueRequired\":true,\"valueName\":\"search_term_string\"}}],\"inLanguage\":\"cs\"}]}<\/script>\n<!-- \/ Yoast SEO plugin. -->","yoast_head_json":{"title":"Kontaktujte n\u00e1s - Saller","robots":{"index":"index","follow":"follow","max-snippet":"max-snippet:-1","max-image-preview":"max-image-preview:large","max-video-preview":"max-video-preview:-1"},"canonical":"https:\/\/jobs.saller-bau.com\/cs\/kontakt\/","og_locale":"cs_CZ","og_type":"article","og_title":"Kontaktujte n\u00e1s - Saller","og_description":"Skupina spole\u010dnost\u00ed Saller In der Buttergrube 999428 Weimar, N\u011bmeckoTel: +49 (0) 36 43 \/ 86 74 900Fax: +49 (0) 36 43 \/ 86 74 198E-Mail: info@saller-bau.com Pobo\u010dka \u010cesk\u00e1 republika:Obchodn\u00ed z\u00f3na 266431 11 Otvice\u010cesk\u00e1 republikaTelefon: +420 474 638 940E-mail: info@saller-bau.com Ihr Name (Pflichtfeld) Ihre E-Mail-Adresse (Pflichtfeld) Betreff AnmietwunschJobsucheObjektangebote Ihre Nachricht (optional) Datenschutz Ich stimme zu, dass [...]\u010c\u00edst d\u00e1le... from Kontaktujte n\u00e1s","og_url":"https:\/\/jobs.saller-bau.com\/cs\/kontakt\/","og_site_name":"Saller","article_modified_time":"2025-05-23T11:00:42+00:00","og_image":[{"width":546,"height":274,"url":"https:\/\/jobs.saller-bau.com\/wp-content\/uploads\/2025\/05\/Saller-mit-Slogan_CZ.png","type":"image\/png"}],"twitter_card":"summary_large_image","twitter_misc":{"Odhadovan\u00e1 doba \u010dten\u00ed":"1 minuta"},"schema":{"@context":"https:\/\/schema.org","@graph":[{"@type":"WebPage","@id":"https:\/\/jobs.saller-bau.com\/cs\/kontakt\/","url":"https:\/\/jobs.saller-bau.com\/cs\/kontakt\/","name":"Kontaktujte n\u00e1s - Saller","isPartOf":{"@id":"https:\/\/jobs.saller-bau.com\/cs\/#website"},"primaryImageOfPage":{"@id":"https:\/\/jobs.saller-bau.com\/cs\/kontakt\/#primaryimage"},"image":{"@id":"https:\/\/jobs.saller-bau.com\/cs\/kontakt\/#primaryimage"},"thumbnailUrl":"https:\/\/jobs.saller-bau.com\/wp-content\/uploads\/2025\/05\/Saller-mit-Slogan_CZ.png","datePublished":"2023-11-28T18:48:05+00:00","dateModified":"2025-05-23T11:00:42+00:00","breadcrumb":{"@id":"https:\/\/jobs.saller-bau.com\/cs\/kontakt\/#breadcrumb"},"inLanguage":"cs","potentialAction":[{"@type":"ReadAction","target":["https:\/\/jobs.saller-bau.com\/cs\/kontakt\/"]}]},{"@type":"ImageObject","inLanguage":"cs","@id":"https:\/\/jobs.saller-bau.com\/cs\/kontakt\/#primaryimage","url":"https:\/\/jobs.saller-bau.com\/wp-content\/uploads\/2025\/05\/Saller-mit-Slogan_CZ.png","contentUrl":"https:\/\/jobs.saller-bau.com\/wp-content\/uploads\/2025\/05\/Saller-mit-Slogan_CZ.png"},{"@type":"BreadcrumbList","@id":"https:\/\/jobs.saller-bau.com\/cs\/kontakt\/#breadcrumb","itemListElement":[{"@type":"ListItem","position":1,"name":"Startseite","item":"https:\/\/jobs.saller-bau.com\/cs\/"},{"@type":"ListItem","position":2,"name":"Kontaktujte n\u00e1s"}]},{"@type":"WebSite","@id":"https:\/\/jobs.saller-bau.com\/cs\/#website","url":"https:\/\/jobs.saller-bau.com\/cs\/","name":"Saller","description":"","potentialAction":[{"@type":"SearchAction","target":{"@type":"EntryPoint","urlTemplate":"https:\/\/jobs.saller-bau.com\/cs\/?s={search_term_string}"},"query-input":{"@type":"PropertyValueSpecification","valueRequired":true,"valueName":"search_term_string"}}],"inLanguage":"cs"}]}},"_links":{"self":[{"href":"https:\/\/jobs.saller-bau.com\/cs\/wp-json\/wp\/v2\/pages\/6805","targetHints":{"allow":["GET"]}}],"collection":[{"href":"https:\/\/jobs.saller-bau.com\/cs\/wp-json\/wp\/v2\/pages"}],"about":[{"href":"https:\/\/jobs.saller-bau.com\/cs\/wp-json\/wp\/v2\/types\/page"}],"author":[{"embeddable":true,"href":"https:\/\/jobs.saller-bau.com\/cs\/wp-json\/wp\/v2\/users\/1"}],"replies":[{"embeddable":true,"href":"https:\/\/jobs.saller-bau.com\/cs\/wp-json\/wp\/v2\/comments?post=6805"}],"version-history":[{"count":11,"href":"https:\/\/jobs.saller-bau.com\/cs\/wp-json\/wp\/v2\/pages\/6805\/revisions"}],"predecessor-version":[{"id":7344,"href":"https:\/\/jobs.saller-bau.com\/cs\/wp-json\/wp\/v2\/pages\/6805\/revisions\/7344"}],"wp:attachment":[{"href":"https:\/\/jobs.saller-bau.com\/cs\/wp-json\/wp\/v2\/media?parent=6805"}],"curies":[{"name":"wp","href":"https:\/\/api.w.org\/{rel}","templated":true}]}}